{"id":1369,"date":"2024-06-18T09:07:55","date_gmt":"2024-06-18T07:07:55","guid":{"rendered":"https:\/\/hotelparticulierbeziers.com\/?page_id=1369"},"modified":"2024-06-18T09:12:01","modified_gmt":"2024-06-18T07:12:01","slug":"politique-de-confidentialite-2","status":"publish","type":"page","link":"https:\/\/hotelparticulierbeziers.com\/en\/politique-de-confidentialite-2\/","title":{"rendered":"Politique de Confidentialit\u00e9"},"content":{"rendered":"<div data-elementor-type=\"wp-page\" data-elementor-id=\"1369\" class=\"elementor elementor-1369\" data-elementor-post-type=\"page\">\n\t\t\t\t\t\t<section class=\"elementor-section elementor-top-section elementor-element elementor-element-64f26551 elementor-section-boxed elementor-section-height-default elementor-section-height-default\" data-id=\"64f26551\" data-element_type=\"section\" data-e-type=\"section\">\n\t\t\t\t\t\t<div class=\"elementor-container elementor-column-gap-default\">\n\t\t\t\t\t<div class=\"elementor-column elementor-col-100 elementor-top-column elementor-element elementor-element-5c06cfc4\" data-id=\"5c06cfc4\" data-element_type=\"column\" data-e-type=\"column\">\n\t\t\t<div class=\"elementor-widget-wrap elementor-element-populated\">\n\t\t\t\t\t\t<div class=\"elementor-element elementor-element-2fa4f85f elementor-widget elementor-widget-heading\" data-id=\"2fa4f85f\" data-element_type=\"widget\" data-e-type=\"widget\" data-widget_type=\"heading.default\">\n\t\t\t\t<div class=\"elementor-widget-container\">\n\t\t\t\t\t<h2 class=\"elementor-heading-title elementor-size-default\">Politique de confidentialit\u00e9 et de Protection des Donn\u00e9es Personnelles<\/h2>\t\t\t\t<\/div>\n\t\t\t\t<\/div>\n\t\t\t\t<div class=\"elementor-element elementor-element-736b07e2 elementor-widget elementor-widget-text-editor\" data-id=\"736b07e2\" data-element_type=\"widget\" data-e-type=\"widget\" data-widget_type=\"text-editor.default\">\n\t\t\t\t<div class=\"elementor-widget-container\">\n\t\t\t\t\t\t\t\t\t<ol><li><strong> Introduction<\/strong><\/li><\/ol><p>Dans le cadre de son activit\u00e9, L&rsquo;H\u00f4tel Particulier collecte et traite des donn\u00e9es personnelles. La protection de votre vie priv\u00e9e et de vos donn\u00e9es personnelles est une priorit\u00e9 pour nous. Cette politique vise \u00e0 vous informer sur la mani\u00e8re dont nous collectons, utilisons, et prot\u00e9geons vos donn\u00e9es personnelles.<\/p><ol start=\"2\"><li><strong> Finalit\u00e9s de la Collecte<\/strong><\/li><\/ol><p>Les donn\u00e9es collect\u00e9es sont utilis\u00e9es pour :<\/p><ul><li>G\u00e9rer vos r\u00e9servations et s\u00e9jours.<\/li><li>Communiquer avec vous avant, pendant et apr\u00e8s votre s\u00e9jour.<\/li><li>Am\u00e9liorer nos services et personnaliser votre exp\u00e9rience.<\/li><li>G\u00e9rer les paiements et pr\u00e9venir la fraude.<\/li><li>R\u00e9pondre \u00e0 nos obligations l\u00e9gales et r\u00e9glementaires.<\/li><\/ul><p>\u00a0<\/p><ol start=\"3\"><li><strong> Base L\u00e9gale du Traitement<\/strong><\/li><\/ol><p>Nous collectons et traitons vos donn\u00e9es personnelles sur les bases l\u00e9gales suivantes :<\/p><ul><li><strong>Ex\u00e9cution d\u2019un contrat<\/strong> : Gestion de vos r\u00e9servations et s\u00e9jours.<\/li><li><strong>Consentement<\/strong> : Envoi de newsletters et offres promotionnelles (vous pouvez retirer votre consentement \u00e0 tout moment).<\/li><li><strong>Obligation l\u00e9gale<\/strong> : Conservation des donn\u00e9es de facturation.<\/li><li><strong>Int\u00e9r\u00eat l\u00e9gitime<\/strong> : Am\u00e9lioration de nos services et gestion de la s\u00e9curit\u00e9 de notre syst\u00e8me informatique.<\/li><\/ul><p>\u00a0<\/p><ol start=\"4\"><li><strong> Partage des Donn\u00e9es<\/strong><\/li><\/ol><p>Vos donn\u00e9es personnelles peuvent \u00eatre partag\u00e9es avec :<\/p><ul><li>Le personnel de l&rsquo;h\u00f4tel, uniquement dans la mesure n\u00e9cessaire pour la prestation des services.<\/li><li>Les prestataires de services tiers (fournisseurs de paiement, services de nettoyage, partenaires de marketing) dans le cadre des finalit\u00e9s mentionn\u00e9es.<\/li><li>Les autorit\u00e9s l\u00e9gales et administratives, si requis par la loi.<\/li><\/ul><p>\u00a0<\/p><ol start=\"5\"><li><strong> S\u00e9curit\u00e9 des Donn\u00e9es<\/strong><\/li><\/ol><p>Nous mettons en \u0153uvre des mesures techniques et organisationnelles appropri\u00e9es pour prot\u00e9ger vos donn\u00e9es personnelles contre la perte, l&rsquo;acc\u00e8s non autoris\u00e9, la divulgation ou l&rsquo;alt\u00e9ration.<\/p><p>\u00a0<\/p><ol start=\"6\"><li><strong> Conservation des Donn\u00e9es<\/strong><\/li><\/ol><p>Nous conservons vos donn\u00e9es personnelles pour la dur\u00e9e n\u00e9cessaire aux finalit\u00e9s pour lesquelles elles ont \u00e9t\u00e9 collect\u00e9es, et conform\u00e9ment aux exigences l\u00e9gales.<\/p><p>\u00a0<\/p><ol start=\"7\"><li><strong> Vos Droits<\/strong><\/li><\/ol><p>Conform\u00e9ment au RGPD, vous disposez des droits suivants :<\/p><ul><li><strong>Droit d&rsquo;acc\u00e8s<\/strong> : Vous pouvez demander \u00e0 acc\u00e9der \u00e0 vos donn\u00e9es personnelles.<\/li><li><strong>Droit de rectification<\/strong> : Vous pouvez demander la correction des donn\u00e9es inexactes ou incompl\u00e8tes.<\/li><li><strong>Droit d&rsquo;effacement<\/strong> : Vous pouvez demander la suppression de vos donn\u00e9es personnelles, sous r\u00e9serve de certaines conditions.<\/li><li><strong>Droit de limitation<\/strong> : Vous pouvez demander la limitation du traitement de vos donn\u00e9es.<\/li><li><strong>Droit d&rsquo;opposition<\/strong> : Vous pouvez vous opposer au traitement de vos donn\u00e9es pour des motifs l\u00e9gitimes.<\/li><li><strong>Droit \u00e0 la portabilit\u00e9<\/strong> : Vous pouvez demander \u00e0 recevoir vos donn\u00e9es dans un format structur\u00e9 et couramment utilis\u00e9.<\/li><\/ul><p>\u00a0<\/p><ol start=\"8\"><li><strong> Contact<\/strong><\/li><\/ol><p>Pour exercer vos droits ou pour toute question concernant notre politique de protection des donn\u00e9es, vous pouvez nous contacter \u00e0 l&rsquo;adresse suivante :<\/p><p>H\u00f4tel Particulier<br \/>65 Bis Avenue du 22 ao\u00fbt 1944 &#8211; 34500 BEZIERS<br \/>contact@hotelparticulierbeziers.com<br \/>04 67 49 04 47<\/p><p>\u00a0<\/p><ol start=\"9\"><li><strong> Modifications de la Politique<\/strong><\/li><\/ol><p>Cette politique de protection des donn\u00e9es peut \u00eatre mise \u00e0 jour r\u00e9guli\u00e8rement. Nous vous encourageons \u00e0 la consulter fr\u00e9quemment pour rester inform\u00e9 de nos pratiques en mati\u00e8re de protection des donn\u00e9es personnelles.<\/p>\t\t\t\t\t\t\t\t<\/div>\n\t\t\t\t<\/div>\n\t\t\t\t\t<\/div>\n\t\t<\/div>\n\t\t\t\t\t<\/div>\n\t\t<\/section>\n\t\t\t\t<\/div>","protected":false},"excerpt":{"rendered":"<p>Politique de confidentialit\u00e9 et de Protection des Donn\u00e9es Personnelles Introduction Dans le cadre de son activit\u00e9, L&rsquo;H\u00f4tel Particulier collecte et traite des donn\u00e9es personnelles. La protection de votre vie priv\u00e9e et de vos donn\u00e9es personnelles est une priorit\u00e9 pour nous. Cette politique vise \u00e0 vous informer sur la mani\u00e8re dont nous collectons, utilisons, et prot\u00e9geons [&hellip;]<\/p>\n","protected":false},"author":1,"featured_media":0,"parent":0,"menu_order":0,"comment_status":"closed","ping_status":"closed","template":"","meta":{"footnotes":""},"class_list":["post-1369","page","type-page","status-publish","hentry"],"yoast_head":"<!-- This site is optimized with the Yoast SEO plugin v27.3 - https:\/\/yoast.com\/product\/yoast-seo-wordpress\/ -->\n<title>Politique de Confidentialit\u00e9 | H\u00f4tel Particulier B\u00e9ziers<\/title>\n<meta name=\"robots\" content=\"index, follow, max-snippet:-1, max-image-preview:large, max-video-preview:-1\" \/>\n<link rel=\"canonical\" href=\"https:\/\/hotelparticulierbeziers.com\/en\/politique-de-confidentialite-2\/\" \/>\n<meta property=\"og:locale\" content=\"en_GB\" \/>\n<meta property=\"og:type\" content=\"article\" \/>\n<meta property=\"og:title\" content=\"Politique de Confidentialit\u00e9 | H\u00f4tel Particulier B\u00e9ziers\" \/>\n<meta property=\"og:description\" content=\"Politique de confidentialit\u00e9 et de Protection des Donn\u00e9es Personnelles Introduction Dans le cadre de son activit\u00e9, L&rsquo;H\u00f4tel Particulier collecte et traite des donn\u00e9es personnelles. La protection de votre vie priv\u00e9e et de vos donn\u00e9es personnelles est une priorit\u00e9 pour nous. Cette politique vise \u00e0 vous informer sur la mani\u00e8re dont nous collectons, utilisons, et prot\u00e9geons [&hellip;]\" \/>\n<meta property=\"og:url\" content=\"https:\/\/hotelparticulierbeziers.com\/en\/politique-de-confidentialite-2\/\" \/>\n<meta property=\"og:site_name\" content=\"H\u00f4tel Particulier B\u00e9ziers\" \/>\n<meta property=\"article:modified_time\" content=\"2024-06-18T07:12:01+00:00\" \/>\n<meta property=\"og:image\" content=\"https:\/\/hotelparticulierbeziers.com\/wp-content\/uploads\/2024\/02\/image-site.jpg\" \/>\n\t<meta property=\"og:image:width\" content=\"1200\" \/>\n\t<meta property=\"og:image:height\" content=\"675\" \/>\n\t<meta property=\"og:image:type\" content=\"image\/jpeg\" \/>\n<meta name=\"twitter:card\" content=\"summary_large_image\" \/>\n<meta name=\"twitter:label1\" content=\"Estimated reading time\" \/>\n\t<meta name=\"twitter:data1\" content=\"3 minutes\" \/>\n<script type=\"application\/ld+json\" class=\"yoast-schema-graph\">{\"@context\":\"https:\\\/\\\/schema.org\",\"@graph\":[{\"@type\":\"WebPage\",\"@id\":\"https:\\\/\\\/hotelparticulierbeziers.com\\\/politique-de-confidentialite-2\\\/\",\"url\":\"https:\\\/\\\/hotelparticulierbeziers.com\\\/politique-de-confidentialite-2\\\/\",\"name\":\"Politique de Confidentialit\u00e9 | H\u00f4tel Particulier B\u00e9ziers\",\"isPartOf\":{\"@id\":\"https:\\\/\\\/hotelparticulierbeziers.com\\\/#website\"},\"datePublished\":\"2024-06-18T07:07:55+00:00\",\"dateModified\":\"2024-06-18T07:12:01+00:00\",\"breadcrumb\":{\"@id\":\"https:\\\/\\\/hotelparticulierbeziers.com\\\/politique-de-confidentialite-2\\\/#breadcrumb\"},\"inLanguage\":\"en-GB\",\"potentialAction\":[{\"@type\":\"ReadAction\",\"target\":[\"https:\\\/\\\/hotelparticulierbeziers.com\\\/politique-de-confidentialite-2\\\/\"]}]},{\"@type\":\"BreadcrumbList\",\"@id\":\"https:\\\/\\\/hotelparticulierbeziers.com\\\/politique-de-confidentialite-2\\\/#breadcrumb\",\"itemListElement\":[{\"@type\":\"ListItem\",\"position\":1,\"name\":\"Accueil\",\"item\":\"https:\\\/\\\/hotelparticulierbeziers.com\\\/\"},{\"@type\":\"ListItem\",\"position\":2,\"name\":\"Politique de Confidentialit\u00e9\"}]},{\"@type\":\"WebSite\",\"@id\":\"https:\\\/\\\/hotelparticulierbeziers.com\\\/#website\",\"url\":\"https:\\\/\\\/hotelparticulierbeziers.com\\\/\",\"name\":\"H\u00f4tel Particulier B\u00e9ziers\",\"description\":\"Un environnement prot\u00e9g\u00e9 et privil\u00e9gi\u00e9\",\"publisher\":{\"@id\":\"https:\\\/\\\/hotelparticulierbeziers.com\\\/#organization\"},\"potentialAction\":[{\"@type\":\"SearchAction\",\"target\":{\"@type\":\"EntryPoint\",\"urlTemplate\":\"https:\\\/\\\/hotelparticulierbeziers.com\\\/?s={search_term_string}\"},\"query-input\":{\"@type\":\"PropertyValueSpecification\",\"valueRequired\":true,\"valueName\":\"search_term_string\"}}],\"inLanguage\":\"en-GB\"},{\"@type\":\"Organization\",\"@id\":\"https:\\\/\\\/hotelparticulierbeziers.com\\\/#organization\",\"name\":\"H\u00f4tel Particulier B\u00e9ziers\",\"url\":\"https:\\\/\\\/hotelparticulierbeziers.com\\\/\",\"logo\":{\"@type\":\"ImageObject\",\"inLanguage\":\"en-GB\",\"@id\":\"https:\\\/\\\/hotelparticulierbeziers.com\\\/#\\\/schema\\\/logo\\\/image\\\/\",\"url\":\"https:\\\/\\\/hotelparticulierbeziers.com\\\/wp-content\\\/uploads\\\/2023\\\/06\\\/logo-hotel-particulier-2022-e1685956913527.png\",\"contentUrl\":\"https:\\\/\\\/hotelparticulierbeziers.com\\\/wp-content\\\/uploads\\\/2023\\\/06\\\/logo-hotel-particulier-2022-e1685956913527.png\",\"width\":575,\"height\":448,\"caption\":\"H\u00f4tel Particulier B\u00e9ziers\"},\"image\":{\"@id\":\"https:\\\/\\\/hotelparticulierbeziers.com\\\/#\\\/schema\\\/logo\\\/image\\\/\"}}]}<\/script>\n<!-- \/ Yoast SEO plugin. -->","yoast_head_json":{"title":"Politique de Confidentialit\u00e9 | H\u00f4tel Particulier B\u00e9ziers","robots":{"index":"index","follow":"follow","max-snippet":"max-snippet:-1","max-image-preview":"max-image-preview:large","max-video-preview":"max-video-preview:-1"},"canonical":"https:\/\/hotelparticulierbeziers.com\/en\/politique-de-confidentialite-2\/","og_locale":"en_GB","og_type":"article","og_title":"Politique de Confidentialit\u00e9 | H\u00f4tel Particulier B\u00e9ziers","og_description":"Politique de confidentialit\u00e9 et de Protection des Donn\u00e9es Personnelles Introduction Dans le cadre de son activit\u00e9, L&rsquo;H\u00f4tel Particulier collecte et traite des donn\u00e9es personnelles. La protection de votre vie priv\u00e9e et de vos donn\u00e9es personnelles est une priorit\u00e9 pour nous. Cette politique vise \u00e0 vous informer sur la mani\u00e8re dont nous collectons, utilisons, et prot\u00e9geons [&hellip;]","og_url":"https:\/\/hotelparticulierbeziers.com\/en\/politique-de-confidentialite-2\/","og_site_name":"H\u00f4tel Particulier B\u00e9ziers","article_modified_time":"2024-06-18T07:12:01+00:00","og_image":[{"width":1200,"height":675,"url":"https:\/\/hotelparticulierbeziers.com\/wp-content\/uploads\/2024\/02\/image-site.jpg","type":"image\/jpeg"}],"twitter_card":"summary_large_image","twitter_misc":{"Estimated reading time":"3 minutes"},"schema":{"@context":"https:\/\/schema.org","@graph":[{"@type":"WebPage","@id":"https:\/\/hotelparticulierbeziers.com\/politique-de-confidentialite-2\/","url":"https:\/\/hotelparticulierbeziers.com\/politique-de-confidentialite-2\/","name":"Politique de Confidentialit\u00e9 | H\u00f4tel Particulier B\u00e9ziers","isPartOf":{"@id":"https:\/\/hotelparticulierbeziers.com\/#website"},"datePublished":"2024-06-18T07:07:55+00:00","dateModified":"2024-06-18T07:12:01+00:00","breadcrumb":{"@id":"https:\/\/hotelparticulierbeziers.com\/politique-de-confidentialite-2\/#breadcrumb"},"inLanguage":"en-GB","potentialAction":[{"@type":"ReadAction","target":["https:\/\/hotelparticulierbeziers.com\/politique-de-confidentialite-2\/"]}]},{"@type":"BreadcrumbList","@id":"https:\/\/hotelparticulierbeziers.com\/politique-de-confidentialite-2\/#breadcrumb","itemListElement":[{"@type":"ListItem","position":1,"name":"Accueil","item":"https:\/\/hotelparticulierbeziers.com\/"},{"@type":"ListItem","position":2,"name":"Politique de Confidentialit\u00e9"}]},{"@type":"WebSite","@id":"https:\/\/hotelparticulierbeziers.com\/#website","url":"https:\/\/hotelparticulierbeziers.com\/","name":"H\u00f4tel Particulier B\u00e9ziers","description":"A Privileged &amp; Tranquil Setting","publisher":{"@id":"https:\/\/hotelparticulierbeziers.com\/#organization"},"potentialAction":[{"@type":"SearchAction","target":{"@type":"EntryPoint","urlTemplate":"https:\/\/hotelparticulierbeziers.com\/?s={search_term_string}"},"query-input":{"@type":"PropertyValueSpecification","valueRequired":true,"valueName":"search_term_string"}}],"inLanguage":"en-GB"},{"@type":"Organization","@id":"https:\/\/hotelparticulierbeziers.com\/#organization","name":"H\u00f4tel Particulier B\u00e9ziers","url":"https:\/\/hotelparticulierbeziers.com\/","logo":{"@type":"ImageObject","inLanguage":"en-GB","@id":"https:\/\/hotelparticulierbeziers.com\/#\/schema\/logo\/image\/","url":"https:\/\/hotelparticulierbeziers.com\/wp-content\/uploads\/2023\/06\/logo-hotel-particulier-2022-e1685956913527.png","contentUrl":"https:\/\/hotelparticulierbeziers.com\/wp-content\/uploads\/2023\/06\/logo-hotel-particulier-2022-e1685956913527.png","width":575,"height":448,"caption":"H\u00f4tel Particulier B\u00e9ziers"},"image":{"@id":"https:\/\/hotelparticulierbeziers.com\/#\/schema\/logo\/image\/"}}]}},"_links":{"self":[{"href":"https:\/\/hotelparticulierbeziers.com\/en\/wp-json\/wp\/v2\/pages\/1369","targetHints":{"allow":["GET"]}}],"collection":[{"href":"https:\/\/hotelparticulierbeziers.com\/en\/wp-json\/wp\/v2\/pages"}],"about":[{"href":"https:\/\/hotelparticulierbeziers.com\/en\/wp-json\/wp\/v2\/types\/page"}],"author":[{"embeddable":true,"href":"https:\/\/hotelparticulierbeziers.com\/en\/wp-json\/wp\/v2\/users\/1"}],"replies":[{"embeddable":true,"href":"https:\/\/hotelparticulierbeziers.com\/en\/wp-json\/wp\/v2\/comments?post=1369"}],"version-history":[{"count":4,"href":"https:\/\/hotelparticulierbeziers.com\/en\/wp-json\/wp\/v2\/pages\/1369\/revisions"}],"predecessor-version":[{"id":1374,"href":"https:\/\/hotelparticulierbeziers.com\/en\/wp-json\/wp\/v2\/pages\/1369\/revisions\/1374"}],"wp:attachment":[{"href":"https:\/\/hotelparticulierbeziers.com\/en\/wp-json\/wp\/v2\/media?parent=1369"}],"curies":[{"name":"wp","href":"https:\/\/api.w.org\/{rel}","templated":true}]}}