{"id":16,"date":"2023-06-05T10:16:00","date_gmt":"2023-06-05T08:16:00","guid":{"rendered":"https:\/\/hotelparticulierbeziers.com\/?page_id=16"},"modified":"2025-06-18T09:57:05","modified_gmt":"2025-06-18T07:57:05","slug":"nos-services","status":"publish","type":"page","link":"https:\/\/hotelparticulierbeziers.com\/en\/nos-services\/","title":{"rendered":"Our services"},"content":{"rendered":"<div data-elementor-type=\"wp-page\" data-elementor-id=\"16\" class=\"elementor elementor-16\" data-elementor-post-type=\"page\">\n\t\t\t\t\t\t<section class=\"elementor-section elementor-top-section elementor-element elementor-element-85d68d1 elementor-section-boxed elementor-section-height-default elementor-section-height-default\" data-id=\"85d68d1\" data-element_type=\"section\" data-e-type=\"section\">\n\t\t\t\t\t\t<div class=\"elementor-container elementor-column-gap-default\">\n\t\t\t\t\t<div class=\"elementor-column elementor-col-100 elementor-top-column elementor-element elementor-element-0136f32\" data-id=\"0136f32\" data-element_type=\"column\" data-e-type=\"column\">\n\t\t\t<div class=\"elementor-widget-wrap elementor-element-populated\">\n\t\t\t\t\t\t<div class=\"elementor-element elementor-element-7066d1e elementor-widget elementor-widget-heading\" data-id=\"7066d1e\" data-element_type=\"widget\" data-e-type=\"widget\" data-widget_type=\"heading.default\">\n\t\t\t\t<div class=\"elementor-widget-container\">\n\t\t\t\t\t<h2 class=\"elementor-heading-title elementor-size-default\">Our services<\/h2>\t\t\t\t<\/div>\n\t\t\t\t<\/div>\n\t\t\t\t<div class=\"elementor-element elementor-element-9d331fd elementor-widget elementor-widget-text-editor\" data-id=\"9d331fd\" data-element_type=\"widget\" data-e-type=\"widget\" data-widget_type=\"text-editor.default\">\n\t\t\t\t<div class=\"elementor-widget-container\">\n\t\t\t\t\t\t\t\t\t<p>To enhance your stay, the team at the H\u00f4tel Particulier will pamper you and share its most exclusive addresses and expert recommendations.<br \/>Whether you wish to have lunch in the sun, enjoy an aperitif with music, or taste a local wine\u2026 We will provide you with our best addresses !<\/p><p>Discover all the services we offer to enhance your stay.<\/p>\t\t\t\t\t\t\t\t<\/div>\n\t\t\t\t<\/div>\n\t\t\t\t\t<\/div>\n\t\t<\/div>\n\t\t\t\t\t<\/div>\n\t\t<\/section>\n\t\t\t\t<section class=\"elementor-section elementor-top-section elementor-element elementor-element-5ef87ab elementor-section-full_width elementor-section-height-default elementor-section-height-default\" data-id=\"5ef87ab\" data-element_type=\"section\" data-e-type=\"section\">\n\t\t\t\t\t\t<div class=\"elementor-container elementor-column-gap-default\">\n\t\t\t\t\t<div class=\"elementor-column elementor-col-50 elementor-top-column elementor-element elementor-element-63c4d5a\" data-id=\"63c4d5a\" data-element_type=\"column\" data-e-type=\"column\" data-settings=\"{&quot;background_background&quot;:&quot;classic&quot;}\">\n\t\t\t<div class=\"elementor-widget-wrap elementor-element-populated\">\n\t\t\t\t\t\t<div class=\"elementor-element elementor-element-8b422a4 elementor-widget elementor-widget-spacer\" data-id=\"8b422a4\" data-element_type=\"widget\" data-e-type=\"widget\" data-widget_type=\"spacer.default\">\n\t\t\t\t<div class=\"elementor-widget-container\">\n\t\t\t\t\t\t\t<div class=\"elementor-spacer\">\n\t\t\t<div class=\"elementor-spacer-inner\"><\/div>\n\t\t<\/div>\n\t\t\t\t\t\t<\/div>\n\t\t\t\t<\/div>\n\t\t\t\t\t<\/div>\n\t\t<\/div>\n\t\t\t\t<div class=\"elementor-column elementor-col-50 elementor-top-column elementor-element elementor-element-e99a000\" data-id=\"e99a000\" data-element_type=\"column\" data-e-type=\"column\">\n\t\t\t<div class=\"elementor-widget-wrap elementor-element-populated\">\n\t\t\t\t\t\t<div class=\"elementor-element elementor-element-3ab5816 elementor-widget elementor-widget-heading\" data-id=\"3ab5816\" data-element_type=\"widget\" data-e-type=\"widget\" data-widget_type=\"heading.default\">\n\t\t\t\t<div class=\"elementor-widget-container\">\n\t\t\t\t\t<h2 class=\"elementor-heading-title elementor-size-default\">\"Homemade\" breakfast<\/h2>\t\t\t\t<\/div>\n\t\t\t\t<\/div>\n\t\t\t\t<div class=\"elementor-element elementor-element-61a5027 elementor-widget elementor-widget-text-editor\" data-id=\"61a5027\" data-element_type=\"widget\" data-e-type=\"widget\" data-widget_type=\"text-editor.default\">\n\t\t\t\t<div class=\"elementor-widget-container\">\n\t\t\t\t\t\t\t\t\t<p>Each morning from 7:30 AM, our host welcomes you for a delicious homemade breakfast, served in our dining room or on the terrace.<\/p><p>On our buffet, you will find a selection of healthy and high-quality products, most of which are locally sourced, sure to delight even the most discerning food lovers !<\/p><p>A selection of gluten-free and organic products is also available.<\/p><p>Eggs &amp; freshly pressed juices prepared to your liking.<\/p><p><strong>Price per adult: \u20ac20<\/strong><\/p><p><strong>Servi tous les jours de 7h30 \u00e0 10h30<\/strong><\/p>\t\t\t\t\t\t\t\t<\/div>\n\t\t\t\t<\/div>\n\t\t\t\t\t<\/div>\n\t\t<\/div>\n\t\t\t\t\t<\/div>\n\t\t<\/section>\n\t\t\t\t<section class=\"elementor-section elementor-top-section elementor-element elementor-element-e503843 elementor-section-full_width elementor-reverse-tablet elementor-reverse-mobile elementor-section-height-default elementor-section-height-default\" data-id=\"e503843\" data-element_type=\"section\" data-e-type=\"section\">\n\t\t\t\t\t\t<div class=\"elementor-container elementor-column-gap-default\">\n\t\t\t\t\t<div class=\"elementor-column elementor-col-50 elementor-top-column elementor-element elementor-element-74780a3\" data-id=\"74780a3\" data-element_type=\"column\" data-e-type=\"column\">\n\t\t\t<div class=\"elementor-widget-wrap elementor-element-populated\">\n\t\t\t\t\t\t<div class=\"elementor-element elementor-element-a3b553c elementor-widget elementor-widget-heading\" data-id=\"a3b553c\" data-element_type=\"widget\" data-e-type=\"widget\" data-widget_type=\"heading.default\">\n\t\t\t\t<div class=\"elementor-widget-container\">\n\t\t\t\t\t<h2 class=\"elementor-heading-title elementor-size-default\">Swimming pool<\/h2>\t\t\t\t<\/div>\n\t\t\t\t<\/div>\n\t\t\t\t<div class=\"elementor-element elementor-element-ae1eeaf elementor-widget elementor-widget-text-editor\" data-id=\"ae1eeaf\" data-element_type=\"widget\" data-e-type=\"widget\" data-widget_type=\"text-editor.default\">\n\t\t\t\t<div class=\"elementor-widget-container\">\n\t\t\t\t\t\t\t\t\t<p>ome relax by the pool. Enjoy the sun and a peaceful setting to fully unwind. Whether you prefer lounging on a deck chair with a refreshing drink or diving into the water, you'll be in a real little piece of paradise.<\/p><p><strong>The pool is open seasonally from June 1st to September 30th.<sup>er<\/sup> juin au 30 septembre.<\/strong><\/p>\t\t\t\t\t\t\t\t<\/div>\n\t\t\t\t<\/div>\n\t\t\t\t\t<\/div>\n\t\t<\/div>\n\t\t\t\t<div class=\"elementor-column elementor-col-50 elementor-top-column elementor-element elementor-element-5f67391\" data-id=\"5f67391\" data-element_type=\"column\" data-e-type=\"column\" data-settings=\"{&quot;background_background&quot;:&quot;classic&quot;}\">\n\t\t\t<div class=\"elementor-widget-wrap elementor-element-populated\">\n\t\t\t\t\t\t<div class=\"elementor-element elementor-element-340f5f1 elementor-widget elementor-widget-spacer\" data-id=\"340f5f1\" data-element_type=\"widget\" data-e-type=\"widget\" data-widget_type=\"spacer.default\">\n\t\t\t\t<div class=\"elementor-widget-container\">\n\t\t\t\t\t\t\t<div class=\"elementor-spacer\">\n\t\t\t<div class=\"elementor-spacer-inner\"><\/div>\n\t\t<\/div>\n\t\t\t\t\t\t<\/div>\n\t\t\t\t<\/div>\n\t\t\t\t\t<\/div>\n\t\t<\/div>\n\t\t\t\t\t<\/div>\n\t\t<\/section>\n\t\t\t\t<section class=\"elementor-section elementor-top-section elementor-element elementor-element-08c8467 elementor-section-full_width elementor-section-height-default elementor-section-height-default\" data-id=\"08c8467\" data-element_type=\"section\" data-e-type=\"section\">\n\t\t\t\t\t\t<div class=\"elementor-container elementor-column-gap-default\">\n\t\t\t\t\t<div class=\"elementor-column elementor-col-50 elementor-top-column elementor-element elementor-element-5c70ed7\" data-id=\"5c70ed7\" data-element_type=\"column\" data-e-type=\"column\" data-settings=\"{&quot;background_background&quot;:&quot;classic&quot;}\">\n\t\t\t<div class=\"elementor-widget-wrap elementor-element-populated\">\n\t\t\t\t\t\t<div class=\"elementor-element elementor-element-68370d9 elementor-widget elementor-widget-spacer\" data-id=\"68370d9\" data-element_type=\"widget\" data-e-type=\"widget\" data-widget_type=\"spacer.default\">\n\t\t\t\t<div class=\"elementor-widget-container\">\n\t\t\t\t\t\t\t<div class=\"elementor-spacer\">\n\t\t\t<div class=\"elementor-spacer-inner\"><\/div>\n\t\t<\/div>\n\t\t\t\t\t\t<\/div>\n\t\t\t\t<\/div>\n\t\t\t\t\t<\/div>\n\t\t<\/div>\n\t\t\t\t<div class=\"elementor-column elementor-col-50 elementor-top-column elementor-element elementor-element-cc8c41e\" data-id=\"cc8c41e\" data-element_type=\"column\" data-e-type=\"column\">\n\t\t\t<div class=\"elementor-widget-wrap elementor-element-populated\">\n\t\t\t\t\t\t<div class=\"elementor-element elementor-element-1b1e7bb elementor-widget elementor-widget-heading\" data-id=\"1b1e7bb\" data-element_type=\"widget\" data-e-type=\"widget\" data-widget_type=\"heading.default\">\n\t\t\t\t<div class=\"elementor-widget-container\">\n\t\t\t\t\t<h2 class=\"elementor-heading-title elementor-size-default\">Concierge Service<\/h2>\t\t\t\t<\/div>\n\t\t\t\t<\/div>\n\t\t\t\t<div class=\"elementor-element elementor-element-f873945 elementor-widget elementor-widget-text-editor\" data-id=\"f873945\" data-element_type=\"widget\" data-e-type=\"widget\" data-widget_type=\"text-editor.default\">\n\t\t\t\t<div class=\"elementor-widget-container\">\n\t\t\t\t\t\t\t\t\t<p>R\u00e9server une table, visiter un vignoble, louer une voiture ou simplement profiter de la plage, toute notre \u00e9quipe saura vous satisfaire.<\/p>\n<p><strong>Just ask, and we\u2019ll take care of the rest !<\/strong><\/p>\t\t\t\t\t\t\t\t<\/div>\n\t\t\t\t<\/div>\n\t\t\t\t\t<\/div>\n\t\t<\/div>\n\t\t\t\t\t<\/div>\n\t\t<\/section>\n\t\t\t\t<section class=\"elementor-section elementor-top-section elementor-element elementor-element-dd0df6d elementor-section-full_width elementor-reverse-tablet elementor-reverse-mobile elementor-section-height-default elementor-section-height-default\" data-id=\"dd0df6d\" data-element_type=\"section\" data-e-type=\"section\">\n\t\t\t\t\t\t<div class=\"elementor-container elementor-column-gap-default\">\n\t\t\t\t\t<div class=\"elementor-column elementor-col-50 elementor-top-column elementor-element elementor-element-7c018bf\" data-id=\"7c018bf\" data-element_type=\"column\" data-e-type=\"column\">\n\t\t\t<div class=\"elementor-widget-wrap elementor-element-populated\">\n\t\t\t\t\t\t<div class=\"elementor-element elementor-element-bb3f9a2 elementor-widget elementor-widget-heading\" data-id=\"bb3f9a2\" data-element_type=\"widget\" data-e-type=\"widget\" data-widget_type=\"heading.default\">\n\t\t\t\t<div class=\"elementor-widget-container\">\n\t\t\t\t\t<h2 class=\"elementor-heading-title elementor-size-default\">A Venue for Your Private Events<\/h2>\t\t\t\t<\/div>\n\t\t\t\t<\/div>\n\t\t\t\t<div class=\"elementor-element elementor-element-6c5d095 elementor-widget elementor-widget-text-editor\" data-id=\"6c5d095\" data-element_type=\"widget\" data-e-type=\"widget\" data-widget_type=\"text-editor.default\">\n\t\t\t\t<div class=\"elementor-widget-container\">\n\t\t\t\t\t\t\t\t\t<p>Because special moments deserve extraordinary spaces, L\u2019H\u00f4tel Particulier B\u00e9ziers is the perfect venue for your private events, weddings, anniversaries, baptisms &amp; other celebrations.<\/p><p>Our home becomes your home for the duration of your stay.<\/p><p>Quotes and organization upon request.<\/p><p><strong>Contact us<\/strong><\/p><ul><li><a title=\"mailto:commercial@ljhco.fr\" contenteditable=\"false\" href=\"mailto:commercial@ljhco.fr\">commercial@ljhco.fr<\/a><\/li><\/ul>\t\t\t\t\t\t\t\t<\/div>\n\t\t\t\t<\/div>\n\t\t\t\t<div class=\"elementor-element elementor-element-46597df elementor-align-center elementor-widget elementor-widget-button\" data-id=\"46597df\" data-element_type=\"widget\" data-e-type=\"widget\" data-widget_type=\"button.default\">\n\t\t\t\t<div class=\"elementor-widget-container\">\n\t\t\t\t\t\t\t\t\t<div class=\"elementor-button-wrapper\">\n\t\t\t\t\t<a class=\"elementor-button elementor-button-link elementor-size-md\" href=\"mailto:commercial@ljhco.fr\">\n\t\t\t\t\t\t<span class=\"elementor-button-content-wrapper\">\n\t\t\t\t\t\t\t\t\t<span class=\"elementor-button-text\">Contact us<\/span>\n\t\t\t\t\t<\/span>\n\t\t\t\t\t<\/a>\n\t\t\t\t<\/div>\n\t\t\t\t\t\t\t\t<\/div>\n\t\t\t\t<\/div>\n\t\t\t\t\t<\/div>\n\t\t<\/div>\n\t\t\t\t<div class=\"elementor-column elementor-col-50 elementor-top-column elementor-element elementor-element-57f71d9\" data-id=\"57f71d9\" data-element_type=\"column\" data-e-type=\"column\" data-settings=\"{&quot;background_background&quot;:&quot;classic&quot;}\">\n\t\t\t<div class=\"elementor-widget-wrap elementor-element-populated\">\n\t\t\t\t\t\t<div class=\"elementor-element elementor-element-d45790b elementor-widget elementor-widget-spacer\" data-id=\"d45790b\" data-element_type=\"widget\" data-e-type=\"widget\" data-widget_type=\"spacer.default\">\n\t\t\t\t<div class=\"elementor-widget-container\">\n\t\t\t\t\t\t\t<div class=\"elementor-spacer\">\n\t\t\t<div class=\"elementor-spacer-inner\"><\/div>\n\t\t<\/div>\n\t\t\t\t\t\t<\/div>\n\t\t\t\t<\/div>\n\t\t\t\t\t<\/div>\n\t\t<\/div>\n\t\t\t\t\t<\/div>\n\t\t<\/section>\n\t\t\t\t<section class=\"elementor-section elementor-top-section elementor-element elementor-element-4fa45c7 elementor-section-boxed elementor-section-height-default elementor-section-height-default\" data-id=\"4fa45c7\" data-element_type=\"section\" data-e-type=\"section\">\n\t\t\t\t\t\t<div class=\"elementor-container elementor-column-gap-default\">\n\t\t\t\t\t<div class=\"elementor-column elementor-col-100 elementor-top-column elementor-element elementor-element-d4b41de\" data-id=\"d4b41de\" data-element_type=\"column\" data-e-type=\"column\">\n\t\t\t<div class=\"elementor-widget-wrap elementor-element-populated\">\n\t\t\t\t\t\t<div class=\"elementor-element elementor-element-17bf949 elementor-widget elementor-widget-text-editor\" data-id=\"17bf949\" data-element_type=\"widget\" data-e-type=\"widget\" data-widget_type=\"text-editor.default\">\n\t\t\t\t<div class=\"elementor-widget-container\">\n\t\t\t\t\t\t\t\t\t<p>To ensure a calm and pleasant environment for all our guests, we have chosen not to accept pets in our hotel.<\/p>\t\t\t\t\t\t\t\t<\/div>\n\t\t\t\t<\/div>\n\t\t\t\t\t<\/div>\n\t\t<\/div>\n\t\t\t\t\t<\/div>\n\t\t<\/section>\n\t\t\t\t<\/div>","protected":false},"excerpt":{"rendered":"<p>Nos services Pour parfaire votre s\u00e9jour , l\u2019\u00e9quipe de l\u2019H\u00f4tel Particulier vous chouchoutera et vous d\u00e9voilera ses adresses les plus confidentielles et ses conseils les plus avis\u00e9s .Que vous souhaitiez d\u00e9jeuner au soleil, prendre un ap\u00e9ritif en musique ou d\u00e9guster un vin de la r\u00e9gion&#8230; Nous vous donnerons nos meilleures adresses ! D\u00e9couvrez tous les [&hellip;]<\/p>\n","protected":false},"author":1,"featured_media":0,"parent":0,"menu_order":0,"comment_status":"closed","ping_status":"closed","template":"","meta":{"footnotes":""},"class_list":["post-16","page","type-page","status-publish","hentry"],"yoast_head":"<!-- This site is optimized with the Yoast SEO plugin v27.3 - https:\/\/yoast.com\/product\/yoast-seo-wordpress\/ -->\n<title>Nos services | H\u00f4tel Particulier B\u00e9ziers<\/title>\n<meta name=\"robots\" content=\"index, follow, max-snippet:-1, max-image-preview:large, max-video-preview:-1\" \/>\n<link rel=\"canonical\" href=\"https:\/\/hotelparticulierbeziers.com\/en\/nos-services\/\" \/>\n<meta property=\"og:locale\" content=\"en_GB\" \/>\n<meta property=\"og:type\" content=\"article\" \/>\n<meta property=\"og:title\" content=\"Nos services | H\u00f4tel Particulier B\u00e9ziers\" \/>\n<meta property=\"og:description\" content=\"Nos services Pour parfaire votre s\u00e9jour , l\u2019\u00e9quipe de l\u2019H\u00f4tel Particulier vous chouchoutera et vous d\u00e9voilera ses adresses les plus confidentielles et ses conseils les plus avis\u00e9s .Que vous souhaitiez d\u00e9jeuner au soleil, prendre un ap\u00e9ritif en musique ou d\u00e9guster un vin de la r\u00e9gion&#8230; Nous vous donnerons nos meilleures adresses ! D\u00e9couvrez tous les [&hellip;]\" \/>\n<meta property=\"og:url\" content=\"https:\/\/hotelparticulierbeziers.com\/en\/nos-services\/\" \/>\n<meta property=\"og:site_name\" content=\"H\u00f4tel Particulier B\u00e9ziers\" \/>\n<meta property=\"article:modified_time\" content=\"2025-06-18T07:57:05+00:00\" \/>\n<meta property=\"og:image\" content=\"https:\/\/hotelparticulierbeziers.com\/wp-content\/uploads\/2024\/02\/image-site.jpg\" \/>\n\t<meta property=\"og:image:width\" content=\"1200\" \/>\n\t<meta property=\"og:image:height\" content=\"675\" \/>\n\t<meta property=\"og:image:type\" content=\"image\/jpeg\" \/>\n<meta name=\"twitter:card\" content=\"summary_large_image\" \/>\n<meta name=\"twitter:label1\" content=\"Estimated reading time\" \/>\n\t<meta name=\"twitter:data1\" content=\"2 minutes\" \/>\n<script type=\"application\/ld+json\" class=\"yoast-schema-graph\">{\"@context\":\"https:\\\/\\\/schema.org\",\"@graph\":[{\"@type\":\"WebPage\",\"@id\":\"https:\\\/\\\/hotelparticulierbeziers.com\\\/nos-services\\\/\",\"url\":\"https:\\\/\\\/hotelparticulierbeziers.com\\\/nos-services\\\/\",\"name\":\"Nos services | H\u00f4tel Particulier B\u00e9ziers\",\"isPartOf\":{\"@id\":\"https:\\\/\\\/hotelparticulierbeziers.com\\\/#website\"},\"datePublished\":\"2023-06-05T08:16:00+00:00\",\"dateModified\":\"2025-06-18T07:57:05+00:00\",\"breadcrumb\":{\"@id\":\"https:\\\/\\\/hotelparticulierbeziers.com\\\/nos-services\\\/#breadcrumb\"},\"inLanguage\":\"en-GB\",\"potentialAction\":[{\"@type\":\"ReadAction\",\"target\":[\"https:\\\/\\\/hotelparticulierbeziers.com\\\/nos-services\\\/\"]}]},{\"@type\":\"BreadcrumbList\",\"@id\":\"https:\\\/\\\/hotelparticulierbeziers.com\\\/nos-services\\\/#breadcrumb\",\"itemListElement\":[{\"@type\":\"ListItem\",\"position\":1,\"name\":\"Accueil\",\"item\":\"https:\\\/\\\/hotelparticulierbeziers.com\\\/\"},{\"@type\":\"ListItem\",\"position\":2,\"name\":\"Nos services\"}]},{\"@type\":\"WebSite\",\"@id\":\"https:\\\/\\\/hotelparticulierbeziers.com\\\/#website\",\"url\":\"https:\\\/\\\/hotelparticulierbeziers.com\\\/\",\"name\":\"H\u00f4tel Particulier B\u00e9ziers\",\"description\":\"Un environnement prot\u00e9g\u00e9 et privil\u00e9gi\u00e9\",\"publisher\":{\"@id\":\"https:\\\/\\\/hotelparticulierbeziers.com\\\/#organization\"},\"potentialAction\":[{\"@type\":\"SearchAction\",\"target\":{\"@type\":\"EntryPoint\",\"urlTemplate\":\"https:\\\/\\\/hotelparticulierbeziers.com\\\/?s={search_term_string}\"},\"query-input\":{\"@type\":\"PropertyValueSpecification\",\"valueRequired\":true,\"valueName\":\"search_term_string\"}}],\"inLanguage\":\"en-GB\"},{\"@type\":\"Organization\",\"@id\":\"https:\\\/\\\/hotelparticulierbeziers.com\\\/#organization\",\"name\":\"H\u00f4tel Particulier B\u00e9ziers\",\"url\":\"https:\\\/\\\/hotelparticulierbeziers.com\\\/\",\"logo\":{\"@type\":\"ImageObject\",\"inLanguage\":\"en-GB\",\"@id\":\"https:\\\/\\\/hotelparticulierbeziers.com\\\/#\\\/schema\\\/logo\\\/image\\\/\",\"url\":\"https:\\\/\\\/hotelparticulierbeziers.com\\\/wp-content\\\/uploads\\\/2023\\\/06\\\/logo-hotel-particulier-2022-e1685956913527.png\",\"contentUrl\":\"https:\\\/\\\/hotelparticulierbeziers.com\\\/wp-content\\\/uploads\\\/2023\\\/06\\\/logo-hotel-particulier-2022-e1685956913527.png\",\"width\":575,\"height\":448,\"caption\":\"H\u00f4tel Particulier B\u00e9ziers\"},\"image\":{\"@id\":\"https:\\\/\\\/hotelparticulierbeziers.com\\\/#\\\/schema\\\/logo\\\/image\\\/\"}}]}<\/script>\n<!-- \/ Yoast SEO plugin. -->","yoast_head_json":{"title":"Nos services | H\u00f4tel Particulier B\u00e9ziers","robots":{"index":"index","follow":"follow","max-snippet":"max-snippet:-1","max-image-preview":"max-image-preview:large","max-video-preview":"max-video-preview:-1"},"canonical":"https:\/\/hotelparticulierbeziers.com\/en\/nos-services\/","og_locale":"en_GB","og_type":"article","og_title":"Nos services | H\u00f4tel Particulier B\u00e9ziers","og_description":"Nos services Pour parfaire votre s\u00e9jour , l\u2019\u00e9quipe de l\u2019H\u00f4tel Particulier vous chouchoutera et vous d\u00e9voilera ses adresses les plus confidentielles et ses conseils les plus avis\u00e9s .Que vous souhaitiez d\u00e9jeuner au soleil, prendre un ap\u00e9ritif en musique ou d\u00e9guster un vin de la r\u00e9gion&#8230; Nous vous donnerons nos meilleures adresses ! D\u00e9couvrez tous les [&hellip;]","og_url":"https:\/\/hotelparticulierbeziers.com\/en\/nos-services\/","og_site_name":"H\u00f4tel Particulier B\u00e9ziers","article_modified_time":"2025-06-18T07:57:05+00:00","og_image":[{"width":1200,"height":675,"url":"https:\/\/hotelparticulierbeziers.com\/wp-content\/uploads\/2024\/02\/image-site.jpg","type":"image\/jpeg"}],"twitter_card":"summary_large_image","twitter_misc":{"Estimated reading time":"2 minutes"},"schema":{"@context":"https:\/\/schema.org","@graph":[{"@type":"WebPage","@id":"https:\/\/hotelparticulierbeziers.com\/nos-services\/","url":"https:\/\/hotelparticulierbeziers.com\/nos-services\/","name":"Nos services | H\u00f4tel Particulier B\u00e9ziers","isPartOf":{"@id":"https:\/\/hotelparticulierbeziers.com\/#website"},"datePublished":"2023-06-05T08:16:00+00:00","dateModified":"2025-06-18T07:57:05+00:00","breadcrumb":{"@id":"https:\/\/hotelparticulierbeziers.com\/nos-services\/#breadcrumb"},"inLanguage":"en-GB","potentialAction":[{"@type":"ReadAction","target":["https:\/\/hotelparticulierbeziers.com\/nos-services\/"]}]},{"@type":"BreadcrumbList","@id":"https:\/\/hotelparticulierbeziers.com\/nos-services\/#breadcrumb","itemListElement":[{"@type":"ListItem","position":1,"name":"Accueil","item":"https:\/\/hotelparticulierbeziers.com\/"},{"@type":"ListItem","position":2,"name":"Nos services"}]},{"@type":"WebSite","@id":"https:\/\/hotelparticulierbeziers.com\/#website","url":"https:\/\/hotelparticulierbeziers.com\/","name":"H\u00f4tel Particulier B\u00e9ziers","description":"A Privileged &amp; Tranquil Setting","publisher":{"@id":"https:\/\/hotelparticulierbeziers.com\/#organization"},"potentialAction":[{"@type":"SearchAction","target":{"@type":"EntryPoint","urlTemplate":"https:\/\/hotelparticulierbeziers.com\/?s={search_term_string}"},"query-input":{"@type":"PropertyValueSpecification","valueRequired":true,"valueName":"search_term_string"}}],"inLanguage":"en-GB"},{"@type":"Organization","@id":"https:\/\/hotelparticulierbeziers.com\/#organization","name":"H\u00f4tel Particulier B\u00e9ziers","url":"https:\/\/hotelparticulierbeziers.com\/","logo":{"@type":"ImageObject","inLanguage":"en-GB","@id":"https:\/\/hotelparticulierbeziers.com\/#\/schema\/logo\/image\/","url":"https:\/\/hotelparticulierbeziers.com\/wp-content\/uploads\/2023\/06\/logo-hotel-particulier-2022-e1685956913527.png","contentUrl":"https:\/\/hotelparticulierbeziers.com\/wp-content\/uploads\/2023\/06\/logo-hotel-particulier-2022-e1685956913527.png","width":575,"height":448,"caption":"H\u00f4tel Particulier B\u00e9ziers"},"image":{"@id":"https:\/\/hotelparticulierbeziers.com\/#\/schema\/logo\/image\/"}}]}},"_links":{"self":[{"href":"https:\/\/hotelparticulierbeziers.com\/en\/wp-json\/wp\/v2\/pages\/16","targetHints":{"allow":["GET"]}}],"collection":[{"href":"https:\/\/hotelparticulierbeziers.com\/en\/wp-json\/wp\/v2\/pages"}],"about":[{"href":"https:\/\/hotelparticulierbeziers.com\/en\/wp-json\/wp\/v2\/types\/page"}],"author":[{"embeddable":true,"href":"https:\/\/hotelparticulierbeziers.com\/en\/wp-json\/wp\/v2\/users\/1"}],"replies":[{"embeddable":true,"href":"https:\/\/hotelparticulierbeziers.com\/en\/wp-json\/wp\/v2\/comments?post=16"}],"version-history":[{"count":119,"href":"https:\/\/hotelparticulierbeziers.com\/en\/wp-json\/wp\/v2\/pages\/16\/revisions"}],"predecessor-version":[{"id":1482,"href":"https:\/\/hotelparticulierbeziers.com\/en\/wp-json\/wp\/v2\/pages\/16\/revisions\/1482"}],"wp:attachment":[{"href":"https:\/\/hotelparticulierbeziers.com\/en\/wp-json\/wp\/v2\/media?parent=16"}],"curies":[{"name":"wp","href":"https:\/\/api.w.org\/{rel}","templated":true}]}}