{"id":3,"date":"2023-05-31T18:00:42","date_gmt":"2023-05-31T16:00:42","guid":{"rendered":"https:\/\/hotelparticulierbeziers.com\/?page_id=3"},"modified":"2024-05-03T15:02:01","modified_gmt":"2024-05-03T13:02:01","slug":"politique-de-confidentialite","status":"publish","type":"page","link":"https:\/\/hotelparticulierbeziers.com\/en\/politique-de-confidentialite\/","title":{"rendered":"Politique de confidentialit\u00e9"},"content":{"rendered":"<div data-elementor-type=\"wp-page\" data-elementor-id=\"3\" class=\"elementor elementor-3\" data-elementor-post-type=\"page\">\n\t\t\t\t\t\t<section class=\"elementor-section elementor-top-section elementor-element elementor-element-50d2342f elementor-section-boxed elementor-section-height-default elementor-section-height-default\" data-id=\"50d2342f\" data-element_type=\"section\" data-e-type=\"section\">\n\t\t\t\t\t\t<div class=\"elementor-container elementor-column-gap-default\">\n\t\t\t\t\t<div class=\"elementor-column elementor-col-100 elementor-top-column elementor-element elementor-element-521cfa45\" data-id=\"521cfa45\" data-element_type=\"column\" data-e-type=\"column\">\n\t\t\t<div class=\"elementor-widget-wrap elementor-element-populated\">\n\t\t\t\t\t\t<div class=\"elementor-element elementor-element-eb9fbfd elementor-widget elementor-widget-heading\" data-id=\"eb9fbfd\" data-element_type=\"widget\" data-e-type=\"widget\" data-widget_type=\"heading.default\">\n\t\t\t\t<div class=\"elementor-widget-container\">\n\t\t\t\t\t<h2 class=\"elementor-heading-title elementor-size-default\">Politiques de confidentialit\u00e9s<\/h2>\t\t\t\t<\/div>\n\t\t\t\t<\/div>\n\t\t\t\t<div class=\"elementor-element elementor-element-412cee14 elementor-widget elementor-widget-text-editor\" data-id=\"412cee14\" data-element_type=\"widget\" data-e-type=\"widget\" data-widget_type=\"text-editor.default\">\n\t\t\t\t<div class=\"elementor-widget-container\">\n\t\t\t\t\t\t\t\t\t\n<p>Les informations personnelles collect\u00e9es (nom, pr\u00e9nom, adresse email et num\u00e9ro de t\u00e9l\u00e9phone) sont n\u00e9cessaires pour r\u00e9pondre aux demandes de renseignements laiss\u00e9es dans le formulaire de contact et satisfaire \u00e0 celles-ci. La base l\u00e9gale est l\u2019int\u00e9r\u00eat l\u00e9gitime de la soci\u00e9t\u00e9 2CFB COMPANY d\u2019offrir l\u2019assistance requise. Elles sont collect\u00e9es par la soci\u00e9t\u00e9 2CFB COMPANY, responsable de traitement. Elles seront conserv\u00e9es pour la dur\u00e9e de traitement de votre requ\u00eate plus un d\u00e9lai de 2 ans pour les donn\u00e9es pr\u00e9sentant un int\u00e9r\u00eat administratif, en acc\u00e8s restreint<em>. <\/em>Sont destinataires des donn\u00e9es, le service appropri\u00e9 pour r\u00e9pondre au renseignement et le responsable commercial de la soci\u00e9t\u00e9. Aucun transfert de donn\u00e9es hors de l\u2019Union Europ\u00e9enne n\u2019est r\u00e9alis\u00e9. Conform\u00e9ment aux dispositions l\u00e9gales et r\u00e8glementaires, en particulier le R\u00e8glement G\u00e9n\u00e9ral sur la Protection des Donn\u00e9es 2016\/679 du 27 avril 2016, la personne concern\u00e9e b\u00e9n\u00e9ficie d\u2019un droit d\u2019acc\u00e8s, de rectification, d\u2019opposition, de limitation et d\u2019oubli, dans la limite des prescriptions l\u00e9gales. Ces droits s\u2019exercent par courriel \u00e0 l\u2019adresse suivante\u00a0: contactRGPD@ljhotelsco.fr ou \u00e0 l\u2019adresse courrier suivante\u00a0: 2CFB COMPANY, D\u00e9partement RGPD, 2 boulevard Bertrand Duguesclin, 34500 B\u00e9ziers.<\/p>\n<p>\u00a0<\/p>\n<p>Si vous estimez, apr\u00e8s nous avoir contact\u00e9s, que vos droits \u00ab\u00a0Informatique et Libert\u00e9s\u00a0\u00bb ne sont pas respect\u00e9s, vous pouvez adresser une r\u00e9clamation \u00e0 la CNIL.<\/p>\n\t\t\t\t\t\t\t\t<\/div>\n\t\t\t\t<\/div>\n\t\t\t\t<div class=\"elementor-element elementor-element-60ba000 elementor-widget elementor-widget-heading\" data-id=\"60ba000\" data-element_type=\"widget\" data-e-type=\"widget\" data-widget_type=\"heading.default\">\n\t\t\t\t<div class=\"elementor-widget-container\">\n\t\t\t\t\t<h2 class=\"elementor-heading-title elementor-size-default\">Privacy Policy<\/h2>\t\t\t\t<\/div>\n\t\t\t\t<\/div>\n\t\t\t\t<div class=\"elementor-element elementor-element-b85e45d elementor-widget elementor-widget-text-editor\" data-id=\"b85e45d\" data-element_type=\"widget\" data-e-type=\"widget\" data-widget_type=\"text-editor.default\">\n\t\t\t\t<div class=\"elementor-widget-container\">\n\t\t\t\t\t\t\t\t\t\n<p>Personal data collected (name, email address, telephone number) are collected by 2CFB COMPANY, controller, to answer and satisfy to the request.<\/p>\n<p>Data shall be kept for the duration of your request\u2019s processing. Personal data having administrative purpose will be stored in limited access for 2 years after the end of the processing. Recipients of the data are: relevant Department regarding the request and the sales manager. There is no transfer of personal data in third countries outside of European Union. According to the relevant rules and regulations regarding personal data protection, including but not limited to the General Data Protection Regulation n\u00b02016\/679 of 27 April 2016, you benefit of the following rights: access, rectification, objection, restriction and erasure, within the limits of applicable law. In order to exercise the aforementioned rights, you may send an email to: contactRGPD@ljhotelsco.fr or a letter to: 2CFB COMPANY, GDPR Department, 2 boulevard Bertrand Duguesclin, 34500 B\u00e9ziers.<\/p>\n<p>\u00a0<\/p>\n<p>After contacting us, you may send a complaint to the French data protection authority (CNIL) if you feel we did not respect you Data Protection rights.<\/p>\n\t\t\t\t\t\t\t\t<\/div>\n\t\t\t\t<\/div>\n\t\t\t\t\t<\/div>\n\t\t<\/div>\n\t\t\t\t\t<\/div>\n\t\t<\/section>\n\t\t\t\t<\/div>","protected":false},"excerpt":{"rendered":"<p>Politiques de confidentialit\u00e9s Les informations personnelles collect\u00e9es (nom, pr\u00e9nom, adresse email et num\u00e9ro de t\u00e9l\u00e9phone) sont n\u00e9cessaires pour r\u00e9pondre aux demandes de renseignements laiss\u00e9es dans le formulaire de contact et satisfaire \u00e0 celles-ci. La base l\u00e9gale est l\u2019int\u00e9r\u00eat l\u00e9gitime de la soci\u00e9t\u00e9 2CFB COMPANY d\u2019offrir l\u2019assistance requise. Elles sont collect\u00e9es par la soci\u00e9t\u00e9 2CFB COMPANY, [&hellip;]<\/p>\n","protected":false},"author":1,"featured_media":0,"parent":0,"menu_order":0,"comment_status":"closed","ping_status":"open","template":"","meta":{"footnotes":""},"class_list":["post-3","page","type-page","status-publish","hentry"],"yoast_head":"<!-- This site is optimized with the Yoast SEO plugin v27.4 - https:\/\/yoast.com\/product\/yoast-seo-wordpress\/ -->\n<title>Politique de confidentialit\u00e9 | H\u00f4tel Particulier B\u00e9ziers<\/title>\n<meta name=\"robots\" content=\"index, follow, max-snippet:-1, max-image-preview:large, max-video-preview:-1\" \/>\n<link rel=\"canonical\" href=\"https:\/\/hotelparticulierbeziers.com\/en\/politique-de-confidentialite\/\" \/>\n<meta property=\"og:locale\" content=\"en_GB\" \/>\n<meta property=\"og:type\" content=\"article\" \/>\n<meta property=\"og:title\" content=\"Politique de confidentialit\u00e9 | H\u00f4tel Particulier B\u00e9ziers\" \/>\n<meta property=\"og:description\" content=\"Politiques de confidentialit\u00e9s Les informations personnelles collect\u00e9es (nom, pr\u00e9nom, adresse email et num\u00e9ro de t\u00e9l\u00e9phone) sont n\u00e9cessaires pour r\u00e9pondre aux demandes de renseignements laiss\u00e9es dans le formulaire de contact et satisfaire \u00e0 celles-ci. La base l\u00e9gale est l\u2019int\u00e9r\u00eat l\u00e9gitime de la soci\u00e9t\u00e9 2CFB COMPANY d\u2019offrir l\u2019assistance requise. Elles sont collect\u00e9es par la soci\u00e9t\u00e9 2CFB COMPANY, [&hellip;]\" \/>\n<meta property=\"og:url\" content=\"https:\/\/hotelparticulierbeziers.com\/en\/politique-de-confidentialite\/\" \/>\n<meta property=\"og:site_name\" content=\"H\u00f4tel Particulier B\u00e9ziers\" \/>\n<meta property=\"article:modified_time\" content=\"2024-05-03T13:02:01+00:00\" \/>\n<meta property=\"og:image\" content=\"https:\/\/hotelparticulierbeziers.com\/wp-content\/uploads\/2024\/02\/image-site.jpg\" \/>\n\t<meta property=\"og:image:width\" content=\"1200\" \/>\n\t<meta property=\"og:image:height\" content=\"675\" \/>\n\t<meta property=\"og:image:type\" content=\"image\/jpeg\" \/>\n<meta name=\"twitter:card\" content=\"summary_large_image\" \/>\n<meta name=\"twitter:label1\" content=\"Estimated reading time\" \/>\n\t<meta name=\"twitter:data1\" content=\"2 minutes\" \/>\n<script type=\"application\/ld+json\" class=\"yoast-schema-graph\">{\"@context\":\"https:\\\/\\\/schema.org\",\"@graph\":[{\"@type\":\"WebPage\",\"@id\":\"https:\\\/\\\/hotelparticulierbeziers.com\\\/politique-de-confidentialite\\\/\",\"url\":\"https:\\\/\\\/hotelparticulierbeziers.com\\\/politique-de-confidentialite\\\/\",\"name\":\"Politique de confidentialit\u00e9 | H\u00f4tel Particulier B\u00e9ziers\",\"isPartOf\":{\"@id\":\"https:\\\/\\\/hotelparticulierbeziers.com\\\/#website\"},\"datePublished\":\"2023-05-31T16:00:42+00:00\",\"dateModified\":\"2024-05-03T13:02:01+00:00\",\"breadcrumb\":{\"@id\":\"https:\\\/\\\/hotelparticulierbeziers.com\\\/politique-de-confidentialite\\\/#breadcrumb\"},\"inLanguage\":\"en-GB\",\"potentialAction\":[{\"@type\":\"ReadAction\",\"target\":[\"https:\\\/\\\/hotelparticulierbeziers.com\\\/politique-de-confidentialite\\\/\"]}]},{\"@type\":\"BreadcrumbList\",\"@id\":\"https:\\\/\\\/hotelparticulierbeziers.com\\\/politique-de-confidentialite\\\/#breadcrumb\",\"itemListElement\":[{\"@type\":\"ListItem\",\"position\":1,\"name\":\"Accueil\",\"item\":\"https:\\\/\\\/hotelparticulierbeziers.com\\\/\"},{\"@type\":\"ListItem\",\"position\":2,\"name\":\"Politique de confidentialit\u00e9\"}]},{\"@type\":\"WebSite\",\"@id\":\"https:\\\/\\\/hotelparticulierbeziers.com\\\/#website\",\"url\":\"https:\\\/\\\/hotelparticulierbeziers.com\\\/\",\"name\":\"H\u00f4tel Particulier B\u00e9ziers\",\"description\":\"Un environnement prot\u00e9g\u00e9 et privil\u00e9gi\u00e9\",\"publisher\":{\"@id\":\"https:\\\/\\\/hotelparticulierbeziers.com\\\/#organization\"},\"potentialAction\":[{\"@type\":\"SearchAction\",\"target\":{\"@type\":\"EntryPoint\",\"urlTemplate\":\"https:\\\/\\\/hotelparticulierbeziers.com\\\/?s={search_term_string}\"},\"query-input\":{\"@type\":\"PropertyValueSpecification\",\"valueRequired\":true,\"valueName\":\"search_term_string\"}}],\"inLanguage\":\"en-GB\"},{\"@type\":\"Organization\",\"@id\":\"https:\\\/\\\/hotelparticulierbeziers.com\\\/#organization\",\"name\":\"H\u00f4tel Particulier B\u00e9ziers\",\"url\":\"https:\\\/\\\/hotelparticulierbeziers.com\\\/\",\"logo\":{\"@type\":\"ImageObject\",\"inLanguage\":\"en-GB\",\"@id\":\"https:\\\/\\\/hotelparticulierbeziers.com\\\/#\\\/schema\\\/logo\\\/image\\\/\",\"url\":\"https:\\\/\\\/hotelparticulierbeziers.com\\\/wp-content\\\/uploads\\\/2023\\\/06\\\/logo-hotel-particulier-2022-e1685956913527.png\",\"contentUrl\":\"https:\\\/\\\/hotelparticulierbeziers.com\\\/wp-content\\\/uploads\\\/2023\\\/06\\\/logo-hotel-particulier-2022-e1685956913527.png\",\"width\":575,\"height\":448,\"caption\":\"H\u00f4tel Particulier B\u00e9ziers\"},\"image\":{\"@id\":\"https:\\\/\\\/hotelparticulierbeziers.com\\\/#\\\/schema\\\/logo\\\/image\\\/\"}}]}<\/script>\n<!-- \/ Yoast SEO plugin. -->","yoast_head_json":{"title":"Politique de confidentialit\u00e9 | H\u00f4tel Particulier B\u00e9ziers","robots":{"index":"index","follow":"follow","max-snippet":"max-snippet:-1","max-image-preview":"max-image-preview:large","max-video-preview":"max-video-preview:-1"},"canonical":"https:\/\/hotelparticulierbeziers.com\/en\/politique-de-confidentialite\/","og_locale":"en_GB","og_type":"article","og_title":"Politique de confidentialit\u00e9 | H\u00f4tel Particulier B\u00e9ziers","og_description":"Politiques de confidentialit\u00e9s Les informations personnelles collect\u00e9es (nom, pr\u00e9nom, adresse email et num\u00e9ro de t\u00e9l\u00e9phone) sont n\u00e9cessaires pour r\u00e9pondre aux demandes de renseignements laiss\u00e9es dans le formulaire de contact et satisfaire \u00e0 celles-ci. La base l\u00e9gale est l\u2019int\u00e9r\u00eat l\u00e9gitime de la soci\u00e9t\u00e9 2CFB COMPANY d\u2019offrir l\u2019assistance requise. Elles sont collect\u00e9es par la soci\u00e9t\u00e9 2CFB COMPANY, [&hellip;]","og_url":"https:\/\/hotelparticulierbeziers.com\/en\/politique-de-confidentialite\/","og_site_name":"H\u00f4tel Particulier B\u00e9ziers","article_modified_time":"2024-05-03T13:02:01+00:00","og_image":[{"width":1200,"height":675,"url":"https:\/\/hotelparticulierbeziers.com\/wp-content\/uploads\/2024\/02\/image-site.jpg","type":"image\/jpeg"}],"twitter_card":"summary_large_image","twitter_misc":{"Estimated reading time":"2 minutes"},"schema":{"@context":"https:\/\/schema.org","@graph":[{"@type":"WebPage","@id":"https:\/\/hotelparticulierbeziers.com\/politique-de-confidentialite\/","url":"https:\/\/hotelparticulierbeziers.com\/politique-de-confidentialite\/","name":"Politique de confidentialit\u00e9 | H\u00f4tel Particulier B\u00e9ziers","isPartOf":{"@id":"https:\/\/hotelparticulierbeziers.com\/#website"},"datePublished":"2023-05-31T16:00:42+00:00","dateModified":"2024-05-03T13:02:01+00:00","breadcrumb":{"@id":"https:\/\/hotelparticulierbeziers.com\/politique-de-confidentialite\/#breadcrumb"},"inLanguage":"en-GB","potentialAction":[{"@type":"ReadAction","target":["https:\/\/hotelparticulierbeziers.com\/politique-de-confidentialite\/"]}]},{"@type":"BreadcrumbList","@id":"https:\/\/hotelparticulierbeziers.com\/politique-de-confidentialite\/#breadcrumb","itemListElement":[{"@type":"ListItem","position":1,"name":"Accueil","item":"https:\/\/hotelparticulierbeziers.com\/"},{"@type":"ListItem","position":2,"name":"Politique de confidentialit\u00e9"}]},{"@type":"WebSite","@id":"https:\/\/hotelparticulierbeziers.com\/#website","url":"https:\/\/hotelparticulierbeziers.com\/","name":"H\u00f4tel Particulier B\u00e9ziers","description":"A Privileged &amp; Tranquil Setting","publisher":{"@id":"https:\/\/hotelparticulierbeziers.com\/#organization"},"potentialAction":[{"@type":"SearchAction","target":{"@type":"EntryPoint","urlTemplate":"https:\/\/hotelparticulierbeziers.com\/?s={search_term_string}"},"query-input":{"@type":"PropertyValueSpecification","valueRequired":true,"valueName":"search_term_string"}}],"inLanguage":"en-GB"},{"@type":"Organization","@id":"https:\/\/hotelparticulierbeziers.com\/#organization","name":"H\u00f4tel Particulier B\u00e9ziers","url":"https:\/\/hotelparticulierbeziers.com\/","logo":{"@type":"ImageObject","inLanguage":"en-GB","@id":"https:\/\/hotelparticulierbeziers.com\/#\/schema\/logo\/image\/","url":"https:\/\/hotelparticulierbeziers.com\/wp-content\/uploads\/2023\/06\/logo-hotel-particulier-2022-e1685956913527.png","contentUrl":"https:\/\/hotelparticulierbeziers.com\/wp-content\/uploads\/2023\/06\/logo-hotel-particulier-2022-e1685956913527.png","width":575,"height":448,"caption":"H\u00f4tel Particulier B\u00e9ziers"},"image":{"@id":"https:\/\/hotelparticulierbeziers.com\/#\/schema\/logo\/image\/"}}]}},"_links":{"self":[{"href":"https:\/\/hotelparticulierbeziers.com\/en\/wp-json\/wp\/v2\/pages\/3","targetHints":{"allow":["GET"]}}],"collection":[{"href":"https:\/\/hotelparticulierbeziers.com\/en\/wp-json\/wp\/v2\/pages"}],"about":[{"href":"https:\/\/hotelparticulierbeziers.com\/en\/wp-json\/wp\/v2\/types\/page"}],"author":[{"embeddable":true,"href":"https:\/\/hotelparticulierbeziers.com\/en\/wp-json\/wp\/v2\/users\/1"}],"replies":[{"embeddable":true,"href":"https:\/\/hotelparticulierbeziers.com\/en\/wp-json\/wp\/v2\/comments?post=3"}],"version-history":[{"count":16,"href":"https:\/\/hotelparticulierbeziers.com\/en\/wp-json\/wp\/v2\/pages\/3\/revisions"}],"predecessor-version":[{"id":1343,"href":"https:\/\/hotelparticulierbeziers.com\/en\/wp-json\/wp\/v2\/pages\/3\/revisions\/1343"}],"wp:attachment":[{"href":"https:\/\/hotelparticulierbeziers.com\/en\/wp-json\/wp\/v2\/media?parent=3"}],"curies":[{"name":"wp","href":"https:\/\/api.w.org\/{rel}","templated":true}]}}